{"id":15,"date":"2014-06-10T18:17:05","date_gmt":"2014-06-10T18:17:05","guid":{"rendered":"http:\/\/www.tecnisoft.hn\/?page_id=15"},"modified":"2024-05-20T14:29:42","modified_gmt":"2024-05-20T14:29:42","slug":"quienes-somos","status":"publish","type":"page","link":"https:\/\/www.tecnisoft.hn\/?page_id=15","title":{"rendered":"Quienes Somos"},"content":{"rendered":"\t\t<div data-elementor-type=\"wp-page\" data-elementor-id=\"15\" class=\"elementor elementor-15\">\n\t\t\t\t\t\t\t\t\t<section class=\"elementor-section elementor-top-section elementor-element elementor-element-bb2457e elementor-section-full_width elementor-section-height-default elementor-section-height-default\" data-id=\"bb2457e\" data-element_type=\"section\">\n\t\t\t\t\t\t<div class=\"elementor-container elementor-column-gap-default\">\n\t\t\t\t\t<div class=\"elementor-column elementor-col-100 elementor-top-column elementor-element elementor-element-ed1c4b9\" data-id=\"ed1c4b9\" data-element_type=\"column\">\n\t\t\t<div class=\"elementor-widget-wrap elementor-element-populated\">\n\t\t\t\t\t\t\t\t<div class=\"elementor-element elementor-element-253bb9a elementor-aspect-ratio-219 elementor-widget elementor-widget-video\" data-id=\"253bb9a\" data-element_type=\"widget\" data-settings=\"{&quot;video_type&quot;:&quot;hosted&quot;,&quot;start&quot;:1,&quot;autoplay&quot;:&quot;yes&quot;,&quot;loop&quot;:&quot;yes&quot;,&quot;aspect_ratio&quot;:&quot;219&quot;}\" data-widget_type=\"video.default\">\n\t\t\t\t<div class=\"elementor-widget-container\">\n\t\t\t<style>\/*! elementor - v3.6.7 - 12-07-2022 *\/\n.elementor-widget-video .elementor-widget-container{overflow:hidden;-webkit-transform:translateZ(0);transform:translateZ(0)}.elementor-widget-video .elementor-open-inline .elementor-custom-embed-image-overlay{position:absolute;top:0;left:0;width:100%;height:100%;background-size:cover;background-position:50%}.elementor-widget-video .elementor-custom-embed-image-overlay{cursor:pointer;text-align:center}.elementor-widget-video .elementor-custom-embed-image-overlay:hover .elementor-custom-embed-play i{opacity:1}.elementor-widget-video .elementor-custom-embed-image-overlay img{display:block;width:100%}.elementor-widget-video .e-hosted-video .elementor-video{-o-object-fit:cover;object-fit:cover}<\/style>\t\t<div class=\"e-hosted-video elementor-wrapper elementor-fit-aspect-ratio elementor-open-inline\">\n\t\t\t\t\t<video class=\"elementor-video\" src=\"http:\/\/www.tecnisoft.hn\/wp-content\/uploads\/2024\/05\/Tecnisoft.mp4#t=1\" autoplay=\"\" loop=\"\" controlsList=\"nodownload\"><\/video>\n\t\t\t\t<\/div>\n\t\t\t\t<\/div>\n\t\t\t\t<\/div>\n\t\t\t\t\t<\/div>\n\t\t<\/div>\n\t\t\t\t\t\t\t<\/div>\n\t\t<\/section>\n\t\t\t\t<section class=\"elementor-section elementor-top-section elementor-element elementor-element-2f4ed1e elementor-section-boxed elementor-section-height-default elementor-section-height-default\" data-id=\"2f4ed1e\" data-element_type=\"section\">\n\t\t\t\t\t\t<div class=\"elementor-container elementor-column-gap-default\">\n\t\t\t\t\t<div class=\"elementor-column elementor-col-100 elementor-top-column elementor-element elementor-element-7c53762e\" data-id=\"7c53762e\" data-element_type=\"column\">\n\t\t\t<div class=\"elementor-widget-wrap elementor-element-populated\">\n\t\t\t\t\t\t\t\t<div class=\"elementor-element elementor-element-3ddaa63f elementor-widget elementor-widget-text-editor\" data-id=\"3ddaa63f\" data-element_type=\"widget\" data-widget_type=\"text-editor.default\">\n\t\t\t\t<div class=\"elementor-widget-container\">\n\t\t\t<style>\/*! elementor - v3.6.7 - 12-07-2022 *\/\n.elementor-widget-text-editor.elementor-drop-cap-view-stacked .elementor-drop-cap{background-color:#818a91;color:#fff}.elementor-widget-text-editor.elementor-drop-cap-view-framed .elementor-drop-cap{color:#818a91;border:3px solid;background-color:transparent}.elementor-widget-text-editor:not(.elementor-drop-cap-view-default) .elementor-drop-cap{margin-top:8px}.elementor-widget-text-editor:not(.elementor-drop-cap-view-default) .elementor-drop-cap-letter{width:1em;height:1em}.elementor-widget-text-editor .elementor-drop-cap{float:left;text-align:center;line-height:1;font-size:50px}.elementor-widget-text-editor .elementor-drop-cap-letter{display:inline-block}<\/style>\t\t\t\t<h1><strong>\u00bfQuienes Somos?<\/strong><\/h1>\n<p><span style=\"color: rgb(8, 35, 125); font-family: var( --e-global-typography-text-font-family ), Sans-serif; font-weight: var( --e-global-typography-text-font-weight );\">Nuestra empresa tiene m\u00e1s de 15 a\u00f1os de experiencia en instalaci\u00f3n,mantenimiento &nbsp;y servicios relacionados con sistemas inform\u00e1ticos, Centros de Datos, mantenimiento de equipo de Computo, recuperaci\u00f3n de Datos, Ventas de Licencias de Software, Software de Antivirus ,Venta de Equipo de Computo, Automatizaci\u00f3n de Procesos, Servidores de Almacenamiento y Cloud Services.<\/span><br><\/p>\n<p><span style=\"color: #08237d;\">Desde 1999 Hemos instalado cientos de equipos tales como Servidores de Aplicaciones, Unidades de Almacenamiento Magn\u00e9tico, Software CMS,ERP,CRM,POS, Equipo multi-funcional, Aplicaciones Web a la medida y soluciones en Logica programable segun los requerimientos del Cliente.<\/span><\/p>\n<p>Le invitamos a que conozca de nuestro productos y Servicios en el recorrido por el sitio web, somos una empresa orgullosamente Hondurena en crecimiento y dinamismo constante.<\/p>\n<p><span style=\"color: #08237d;\">&nbsp;<\/span><\/p>\t\t\t\t\t\t<\/div>\n\t\t\t\t<\/div>\n\t\t\t\t\t<\/div>\n\t\t<\/div>\n\t\t\t\t\t\t\t<\/div>\n\t\t<\/section>\n\t\t\t\t\t\t\t<\/div>\n\t\t","protected":false},"excerpt":{"rendered":"<p>http:\/\/www.tecnisoft.hn\/wp-content\/uploads\/2024\/05\/Tecnisoft.mp4#t=1 \u00bfQuienes Somos? Nuestra empresa tiene m\u00e1s de 15 a\u00f1os de experiencia en instalaci\u00f3n,mantenimiento &nbsp;y servicios relacionados con sistemas inform\u00e1ticos, Centros de Datos, mantenimiento de equipo de Computo, recuperaci\u00f3n de [&hellip;]<\/p>\n","protected":false},"author":1,"featured_media":0,"parent":0,"menu_order":0,"comment_status":"open","ping_status":"open","template":"elementor_header_footer","meta":[],"_links":{"self":[{"href":"https:\/\/www.tecnisoft.hn\/index.php?rest_route=\/wp\/v2\/pages\/15"}],"collection":[{"href":"https:\/\/www.tecnisoft.hn\/index.php?rest_route=\/wp\/v2\/pages"}],"about":[{"href":"https:\/\/www.tecnisoft.hn\/index.php?rest_route=\/wp\/v2\/types\/page"}],"author":[{"embeddable":true,"href":"https:\/\/www.tecnisoft.hn\/index.php?rest_route=\/wp\/v2\/users\/1"}],"replies":[{"embeddable":true,"href":"https:\/\/www.tecnisoft.hn\/index.php?rest_route=%2Fwp%2Fv2%2Fcomments&post=15"}],"version-history":[{"count":16,"href":"https:\/\/www.tecnisoft.hn\/index.php?rest_route=\/wp\/v2\/pages\/15\/revisions"}],"predecessor-version":[{"id":770,"href":"https:\/\/www.tecnisoft.hn\/index.php?rest_route=\/wp\/v2\/pages\/15\/revisions\/770"}],"wp:attachment":[{"href":"https:\/\/www.tecnisoft.hn\/index.php?rest_route=%2Fwp%2Fv2%2Fmedia&parent=15"}],"curies":[{"name":"wp","href":"https:\/\/api.w.org\/{rel}","templated":true}]}}